{"id":1069,"date":"2021-05-06T22:03:46","date_gmt":"2021-05-06T22:03:46","guid":{"rendered":"https:\/\/alarmcentar.hr\/zertifikaten\/"},"modified":"2021-06-01T21:07:28","modified_gmt":"2021-06-01T21:07:28","slug":"zertifikaten","status":"publish","type":"page","link":"https:\/\/alarmcentar.hr\/de\/zertifikaten\/","title":{"rendered":"Zertifikaten"},"content":{"rendered":"<\/p>\n\n<style type=\"text\/css\" data-created_by=\"avia_inline_auto\" id=\"style-css-av-4lvtda-dbbd71c2534c61863e41f1cad45dfa14\">\n.avia-section.av-4lvtda-dbbd71c2534c61863e41f1cad45dfa14{\nbackground-color:#c60f0f;\nbackground-image:url(https:\/\/alarmcentar.hr\/wp-content\/uploads\/2019\/03\/background-2.jpg);\nbackground-repeat:no-repeat;\nbackground-position:50% 100%;\nbackground-attachment:scroll;\n}\n.avia-section.av-4lvtda-dbbd71c2534c61863e41f1cad45dfa14 .av-extra-border-element .av-extra-border-inner{\nbackground-color:#c60f0f;\n}\n<\/style>\n<div id='av_section_1'  class='avia-section av-4lvtda-dbbd71c2534c61863e41f1cad45dfa14 main_color avia-section-no-padding avia-no-border-styling  avia-builder-el-0  el_before_av_one_half  avia-builder-el-first  avia-full-stretch avia-bg-style-scroll av-arrow-down-section av-minimum-height av-minimum-height-custom  container_wrap sidebar_right'  data-section-bg-repeat='stretch' data-av_minimum_height_px='430'><div class='container av-section-cont-open' style='height:430px'><main  role=\"main\" itemprop=\"mainContentOfPage\"  class='template-page content  av-content-small alpha units'><div class='post-entry post-entry-type-page post-entry-1069'><div class='entry-content-wrapper clearfix'>\n\n<style type=\"text\/css\" data-created_by=\"avia_inline_auto\" id=\"style-css-av-ko69egsg-67d9bf46fb752a7e162419cc8857bee8\">\n#top .av-special-heading.av-ko69egsg-67d9bf46fb752a7e162419cc8857bee8{\npadding-bottom:40px;\ncolor:#ffffff;\nfont-size:72px;\n}\nbody .av-special-heading.av-ko69egsg-67d9bf46fb752a7e162419cc8857bee8 .av-special-heading-tag .heading-char{\nfont-size:25px;\n}\n#top #wrap_all .av-special-heading.av-ko69egsg-67d9bf46fb752a7e162419cc8857bee8 .av-special-heading-tag{\nfont-size:72px;\n}\n.av-special-heading.av-ko69egsg-67d9bf46fb752a7e162419cc8857bee8 .special-heading-inner-border{\nborder-color:#ffffff;\n}\n.av-special-heading.av-ko69egsg-67d9bf46fb752a7e162419cc8857bee8 .av-subheading{\nfont-size:20px;\n}\n\n@media only screen and (min-width: 480px) and (max-width: 767px){ \n#top #wrap_all .av-special-heading.av-ko69egsg-67d9bf46fb752a7e162419cc8857bee8 .av-special-heading-tag{\nfont-size:0.8em;\n}\n}\n\n@media only screen and (max-width: 479px){ \n#top #wrap_all .av-special-heading.av-ko69egsg-67d9bf46fb752a7e162419cc8857bee8 .av-special-heading-tag{\nfont-size:0.8em;\n}\n}\n<\/style>\n<div  class='av-special-heading av-ko69egsg-67d9bf46fb752a7e162419cc8857bee8 av-special-heading-h2 custom-color-heading blockquote modern-quote  avia-builder-el-1  avia-builder-el-no-sibling  av-inherit-size av-linked-heading'><h2 class='av-special-heading-tag'  itemprop=\"headline\"  >Zertifikaten <\/h2><div class='av_custom_color av-subheading av-subheading_below'><p>ISO 9001, ISO-27001<\/p>\n<\/div><div class=\"special-heading-border\"><div class=\"special-heading-inner-border\"><\/div><\/div><\/div>\n<\/div><\/div><\/main><!-- close content main element --><\/div><div class='av-extra-border-element border-extra-arrow-down'><div class='av-extra-border-outer'><div class='av-extra-border-inner'><\/div><\/div><\/div><\/div><div id='after_section_1'  class='main_color av_default_container_wrap container_wrap sidebar_right'  ><div class='container av-section-cont-open' ><div class='template-page content  av-content-small alpha units'><div class='post-entry post-entry-type-page post-entry-1069'><div class='entry-content-wrapper clearfix'>\n\n<style type=\"text\/css\" data-created_by=\"avia_inline_auto\" id=\"style-css-av-3ya6y6-88736d171fe2015fabe1f1605c35c6e2\">\n.flex_column.av-3ya6y6-88736d171fe2015fabe1f1605c35c6e2{\n-webkit-border-radius:0px 0px 0px 0px;\n-moz-border-radius:0px 0px 0px 0px;\nborder-radius:0px 0px 0px 0px;\npadding:0px 0px 0px 0px;\n}\n<\/style>\n<div class='flex_column av-3ya6y6-88736d171fe2015fabe1f1605c35c6e2 av_one_half  avia-builder-el-2  el_after_av_section  el_before_av_one_half  avia-builder-el-first  first flex_column_div av-zero-column-padding '     ><style type=\"text\/css\" data-created_by=\"avia_inline_auto\" id=\"style-css-av-ko92fse1-8615f15f389e516f4dfb12aa11c539c8\">\n.avia-image-container.av-ko92fse1-8615f15f389e516f4dfb12aa11c539c8 img.avia_image{\nbox-shadow:none;\n}\n.avia-image-container.av-ko92fse1-8615f15f389e516f4dfb12aa11c539c8 .av-image-caption-overlay-center{\ncolor:#ffffff;\n}\n<\/style>\n<div  class='avia-image-container av-ko92fse1-8615f15f389e516f4dfb12aa11c539c8 av-styling- avia-align-center  avia-builder-el-3  avia-builder-el-no-sibling '   itemprop=\"image\" itemscope=\"itemscope\" itemtype=\"https:\/\/schema.org\/ImageObject\" ><div class=\"avia-image-container-inner\"><div class=\"avia-image-overlay-wrap\"><img decoding=\"async\" class='wp-image-1054 avia-img-lazy-loading-not-1054 avia_image ' src=\"https:\/\/alarmcentar.hr\/wp-content\/uploads\/2021\/05\/cert_9001_hr.png\" alt='alarm-centar-9001-certifikat' title='cert_9001_hr'  height=\"1527\" width=\"1080\"  itemprop=\"thumbnailUrl\" srcset=\"https:\/\/alarmcentar.hr\/wp-content\/uploads\/2021\/05\/cert_9001_hr.png 1080w, https:\/\/alarmcentar.hr\/wp-content\/uploads\/2021\/05\/cert_9001_hr-212x300.png 212w, https:\/\/alarmcentar.hr\/wp-content\/uploads\/2021\/05\/cert_9001_hr-728x1030.png 728w, https:\/\/alarmcentar.hr\/wp-content\/uploads\/2021\/05\/cert_9001_hr-768x1086.png 768w, https:\/\/alarmcentar.hr\/wp-content\/uploads\/2021\/05\/cert_9001_hr-1061x1500.png 1061w, https:\/\/alarmcentar.hr\/wp-content\/uploads\/2021\/05\/cert_9001_hr-499x705.png 499w, https:\/\/alarmcentar.hr\/wp-content\/uploads\/2021\/05\/cert_9001_hr-600x848.png 600w\" sizes=\"(max-width: 1080px) 100vw, 1080px\" \/><\/div><\/div><\/div><\/div>\n\n<style type=\"text\/css\" data-created_by=\"avia_inline_auto\" id=\"style-css-av-2ch7tq-f136c88bf73cb767dea2bf6fb2dae0d5\">\n.flex_column.av-2ch7tq-f136c88bf73cb767dea2bf6fb2dae0d5{\n-webkit-border-radius:0px 0px 0px 0px;\n-moz-border-radius:0px 0px 0px 0px;\nborder-radius:0px 0px 0px 0px;\npadding:0px 0px 0px 0px;\n}\n<\/style>\n<div class='flex_column av-2ch7tq-f136c88bf73cb767dea2bf6fb2dae0d5 av_one_half  avia-builder-el-4  el_after_av_one_half  el_before_av_hr  flex_column_div av-zero-column-padding '     ><style type=\"text\/css\" data-created_by=\"avia_inline_auto\" id=\"style-css-av-ko92gevn-d8d09ccab57eddc3a642caebb4bf7b07\">\n.avia-image-container.av-ko92gevn-d8d09ccab57eddc3a642caebb4bf7b07 img.avia_image{\nbox-shadow:none;\n}\n.avia-image-container.av-ko92gevn-d8d09ccab57eddc3a642caebb4bf7b07 .av-image-caption-overlay-center{\ncolor:#ffffff;\n}\n<\/style>\n<div  class='avia-image-container av-ko92gevn-d8d09ccab57eddc3a642caebb4bf7b07 av-styling- avia-align-center  avia-builder-el-5  avia-builder-el-no-sibling '   itemprop=\"image\" itemscope=\"itemscope\" itemtype=\"https:\/\/schema.org\/ImageObject\" ><div class=\"avia-image-container-inner\"><div class=\"avia-image-overlay-wrap\"><img decoding=\"async\" class='wp-image-1057 avia-img-lazy-loading-not-1057 avia_image ' src=\"https:\/\/alarmcentar.hr\/wp-content\/uploads\/2021\/05\/cert_27001_hr.png\" alt='' title='cert_27001_hr'  height=\"1527\" width=\"1080\"  itemprop=\"thumbnailUrl\" srcset=\"https:\/\/alarmcentar.hr\/wp-content\/uploads\/2021\/05\/cert_27001_hr.png 1080w, https:\/\/alarmcentar.hr\/wp-content\/uploads\/2021\/05\/cert_27001_hr-212x300.png 212w, https:\/\/alarmcentar.hr\/wp-content\/uploads\/2021\/05\/cert_27001_hr-728x1030.png 728w, https:\/\/alarmcentar.hr\/wp-content\/uploads\/2021\/05\/cert_27001_hr-768x1086.png 768w, https:\/\/alarmcentar.hr\/wp-content\/uploads\/2021\/05\/cert_27001_hr-1061x1500.png 1061w, https:\/\/alarmcentar.hr\/wp-content\/uploads\/2021\/05\/cert_27001_hr-499x705.png 499w, https:\/\/alarmcentar.hr\/wp-content\/uploads\/2021\/05\/cert_27001_hr-600x848.png 600w\" sizes=\"(max-width: 1080px) 100vw, 1080px\" \/><\/div><\/div><\/div><\/div>\n\n<style type=\"text\/css\" data-created_by=\"avia_inline_auto\" id=\"style-css-av-ko92q4ys-e81d45bda1783e9de73655ad20414359\">\n#top .hr.hr-invisible.av-ko92q4ys-e81d45bda1783e9de73655ad20414359{\nheight:50px;\n}\n<\/style>\n<div  class='hr av-ko92q4ys-e81d45bda1783e9de73655ad20414359 hr-invisible  avia-builder-el-6  el_after_av_one_half  el_before_av_textblock '><span class='hr-inner '><span class=\"hr-inner-style\"><\/span><\/span><\/div>\n<section  class='av_textblock_section av-xo7y-7cec390fcad6173008b86a1807840f08'  itemscope=\"itemscope\" itemtype=\"https:\/\/schema.org\/CreativeWork\" ><div class='avia_textblock'  itemprop=\"text\" ><p>Wir sind stolz bekannt zu geben, dass wir Inhaber von zwei sehr angesehenen Zertifikaten geworden sind, dem ISO 9001-Zertifikat f\u00fcr das Qualit\u00e4tsmanagementsystem und dem ISO 27001-Zertifikat f\u00fcr Informationssicherheitsmanagement.<\/p>\n<p>Heutzutage sind Informationen sowohl in der Gesch\u00e4ftswelt als auch im privaten Bereich des Lebens sehr wertvoll und wichtig geworden. F\u00fcr diejenigen von uns, die sich mit technischem Schutz befassen und damit unseren Kunden Sicherheit und Vertrauen bieten, war es f\u00fcr uns eine elementare Notwendigkeit, eine Zertifizierung nach dem ISO-Standard durchzuf\u00fchren. Unsere Arbeit erfordert den st\u00e4ndigen Umgang mit den Informationen anderer Menschen, die sehr sensibel sind und aufbewahrt, aber bekannt und verantwortungsbewusst behandelt werden m\u00fcssen. Ziel der Zertifizierung war es nicht nur, einen Marktvorteil zu erzielen, der sicherlich ein zus\u00e4tzliches Plus bei Projekten durch \u00f6ffentliche Ausschreibungen darstellt, sondern auch die Qualit\u00e4t ihrer eigenen Arbeit und Arbeitsprozesse auf ein h\u00f6heres Niveau zu bringen.<\/p>\n<p>Wir glauben, dass die Anerkennung von ISO-Zertifizierungen nach international anerkannten Standards die Glaubw\u00fcrdigkeit des Unternehmens erh\u00f6ht und unseren gegenw\u00e4rtigen und zuk\u00fcnftigen Kunden deutlich zeigt, wie ernst wir unsere Arbeit nehmen und wie kompromisslos und stets maximale Sicherheit geboten wird.<\/p>\n<p>Um dieses Ziel zu erreichen, m\u00f6chten wir uns bei unseren Partnern Tiko-Pro und Darda Consulting bedanken, die uns mit ihrer Erfahrung und Professionalit\u00e4t, aber auch ihrer Freizeit im Gesch\u00e4ftsleben sehr geholfen haben und aufgrund derer alles stressfrei und sehr entspannt verlief.<\/p>\n<p>Nat\u00fcrlich m\u00fcssen wir auch den Europ\u00e4ischen Fonds f\u00fcr regionale Entwicklung erw\u00e4hnen, \u00fcber den dieses Projekt im Rahmen des OPERATIVEN PROGRAMMS WETTBEWERBSF\u00c4HIGKEIT UND ZUSAMMENHANG 2014-2020 kofinanziert wurde.<\/p>\n<p>Das Alarm Center w\u00fcnscht allen Gesch\u00e4ftspartnern viel Erfolg im Gesch\u00e4fts- und Privatleben!<\/p>\n<\/div><\/section>\n","protected":false},"excerpt":{"rendered":"","protected":false},"author":1,"featured_media":0,"parent":0,"menu_order":0,"comment_status":"closed","ping_status":"closed","template":"","meta":{"footnotes":""},"class_list":["post-1069","page","type-page","status-publish","hentry"],"_links":{"self":[{"href":"https:\/\/alarmcentar.hr\/de\/wp-json\/wp\/v2\/pages\/1069","targetHints":{"allow":["GET"]}}],"collection":[{"href":"https:\/\/alarmcentar.hr\/de\/wp-json\/wp\/v2\/pages"}],"about":[{"href":"https:\/\/alarmcentar.hr\/de\/wp-json\/wp\/v2\/types\/page"}],"author":[{"embeddable":true,"href":"https:\/\/alarmcentar.hr\/de\/wp-json\/wp\/v2\/users\/1"}],"replies":[{"embeddable":true,"href":"https:\/\/alarmcentar.hr\/de\/wp-json\/wp\/v2\/comments?post=1069"}],"version-history":[{"count":6,"href":"https:\/\/alarmcentar.hr\/de\/wp-json\/wp\/v2\/pages\/1069\/revisions"}],"predecessor-version":[{"id":1099,"href":"https:\/\/alarmcentar.hr\/de\/wp-json\/wp\/v2\/pages\/1069\/revisions\/1099"}],"wp:attachment":[{"href":"https:\/\/alarmcentar.hr\/de\/wp-json\/wp\/v2\/media?parent=1069"}],"curies":[{"name":"wp","href":"https:\/\/api.w.org\/{rel}","templated":true}]}}