{"id":855,"date":"2019-07-26T20:04:29","date_gmt":"2019-07-26T20:04:29","guid":{"rendered":"http:\/\/alarmcentar.hr\/uber-uns\/"},"modified":"2019-07-26T20:04:57","modified_gmt":"2019-07-26T20:04:57","slug":"uber-uns","status":"publish","type":"page","link":"https:\/\/alarmcentar.hr\/de\/uber-uns\/","title":{"rendered":"\u00dcber uns"},"content":{"rendered":"\n<style type=\"text\/css\" data-created_by=\"avia_inline_auto\" id=\"style-css-av-g0vhj-5129d1ec021f47665836e349ed160d9d\">\n.avia-section.av-g0vhj-5129d1ec021f47665836e349ed160d9d{\nbackground-color:#c60f0f;\nbackground-image:url(https:\/\/alarmcentar.hr\/wp-content\/uploads\/2019\/03\/background-2.jpg);\nbackground-repeat:no-repeat;\nbackground-position:50% 100%;\nbackground-attachment:scroll;\n}\n.avia-section.av-g0vhj-5129d1ec021f47665836e349ed160d9d .av-extra-border-element .av-extra-border-inner{\nbackground-color:#c60f0f;\n}\n<\/style>\n<div id='av_section_1'  class='avia-section av-g0vhj-5129d1ec021f47665836e349ed160d9d main_color avia-section-default avia-no-border-styling  avia-builder-el-0  el_before_av_section  avia-builder-el-first  avia-full-stretch avia-bg-style-scroll av-arrow-down-section av-minimum-height av-minimum-height-custom  container_wrap sidebar_right'  data-section-bg-repeat='stretch' data-av_minimum_height_px='430'><div class='container av-section-cont-open' style='height:430px'><main  role=\"main\" itemprop=\"mainContentOfPage\"  class='template-page content  av-content-small alpha units'><div class='post-entry post-entry-type-page post-entry-855'><div class='entry-content-wrapper clearfix'>\n\n<style type=\"text\/css\" data-created_by=\"avia_inline_auto\" id=\"style-css-av-jgtp9tok-05d0128a1f77ee360dd42fe352d655f2\">\n#top .av-special-heading.av-jgtp9tok-05d0128a1f77ee360dd42fe352d655f2{\npadding-bottom:40px;\ncolor:#ffffff;\nfont-size:72px;\n}\nbody .av-special-heading.av-jgtp9tok-05d0128a1f77ee360dd42fe352d655f2 .av-special-heading-tag .heading-char{\nfont-size:25px;\n}\n#top #wrap_all .av-special-heading.av-jgtp9tok-05d0128a1f77ee360dd42fe352d655f2 .av-special-heading-tag{\nfont-size:72px;\n}\n.av-special-heading.av-jgtp9tok-05d0128a1f77ee360dd42fe352d655f2 .special-heading-inner-border{\nborder-color:#ffffff;\n}\n.av-special-heading.av-jgtp9tok-05d0128a1f77ee360dd42fe352d655f2 .av-subheading{\nfont-size:20px;\n}\n\n@media only screen and (min-width: 480px) and (max-width: 767px){ \n#top #wrap_all .av-special-heading.av-jgtp9tok-05d0128a1f77ee360dd42fe352d655f2 .av-special-heading-tag{\nfont-size:0.8em;\n}\n}\n\n@media only screen and (max-width: 479px){ \n#top #wrap_all .av-special-heading.av-jgtp9tok-05d0128a1f77ee360dd42fe352d655f2 .av-special-heading-tag{\nfont-size:0.8em;\n}\n}\n<\/style>\n<div  class='av-special-heading av-jgtp9tok-05d0128a1f77ee360dd42fe352d655f2 av-special-heading-h2 custom-color-heading blockquote modern-quote  avia-builder-el-1  avia-builder-el-no-sibling  av-inherit-size'><h2 class='av-special-heading-tag'  itemprop=\"headline\"  >\u00dcber uns<\/h2><div class='av_custom_color av-subheading av-subheading_below'><p>Langj\u00e4hrige Erfahrung  in der Projektierung und Einf\u00fchrung in die technische Sicherheit<\/p>\n<\/div><div class=\"special-heading-border\"><div class=\"special-heading-inner-border\"><\/div><\/div><\/div>\n\n<\/div><\/div><\/main><!-- close content main element --><\/div><div class='av-extra-border-element border-extra-arrow-down'><div class='av-extra-border-outer'><div class='av-extra-border-inner'><\/div><\/div><\/div><\/div>\n<style type=\"text\/css\" data-created_by=\"avia_inline_auto\" id=\"style-css-av-eslcn-7202ebbd072128b62274edd36fb4e7ee\">\n.avia-section.av-eslcn-7202ebbd072128b62274edd36fb4e7ee .av-extra-border-element .av-extra-border-inner{\nbackground-color:#ffffff;\n}\n<\/style>\n<div id='av_section_2'  class='avia-section av-eslcn-7202ebbd072128b62274edd36fb4e7ee main_color avia-section-large avia-no-border-styling  avia-builder-el-2  el_after_av_section  el_before_av_section  avia-bg-style-scroll av-arrow-down-section container_wrap sidebar_right'  ><div class='container av-section-cont-open' ><div class='template-page content  av-content-small alpha units'><div class='post-entry post-entry-type-page post-entry-855'><div class='entry-content-wrapper clearfix'>\n<div class='flex_column av-d06iv-171e5a64236b745ae53b183d73dd35e5 av_one_half  avia-builder-el-3  el_before_av_one_half  avia-builder-el-first  first flex_column_div '     ><p>\n<style type=\"text\/css\" data-created_by=\"avia_inline_auto\" id=\"style-css-av-5r2j-81099999be68851c9cef246ee97013d4\">\n#top .av-special-heading.av-5r2j-81099999be68851c9cef246ee97013d4{\npadding-bottom:10px;\n}\nbody .av-special-heading.av-5r2j-81099999be68851c9cef246ee97013d4 .av-special-heading-tag .heading-char{\nfont-size:25px;\n}\n.av-special-heading.av-5r2j-81099999be68851c9cef246ee97013d4 .av-subheading{\nfont-size:15px;\n}\n<\/style>\n<div  class='av-special-heading av-5r2j-81099999be68851c9cef246ee97013d4 av-special-heading-h3 blockquote modern-quote  avia-builder-el-4  el_before_av_textblock  avia-builder-el-first '><h3 class='av-special-heading-tag'  itemprop=\"headline\"  >Aufgabe und Vision<\/h3><div class=\"special-heading-border\"><div class=\"special-heading-inner-border\"><\/div><\/div><\/div><br \/>\n<section  class='av_textblock_section av-bvbx7-671f0400411156a99a3520c4cc0ec459'  itemscope=\"itemscope\" itemtype=\"https:\/\/schema.org\/CreativeWork\" ><div class='avia_textblock'  itemprop=\"text\" ><p><strong>Firma Alarm Centar d.o.o. <\/strong> Als lizenziertes Unternehmen f\u00fcr technischen Schutz bietet Dienstleistungen zur Planung, Implementierung verschiedener Schutzsysteme (Diebstahlsicherung, Alarmsystem, Video\u00fcberwachung) sowie Dienstleistungen zur Wartung und Instandhaltung von Ger\u00e4ten und Ausr\u00fcstungen an.<\/p>\n<p>In den letzten 16 Jahren hat das Unternehmen sein Angebot erweitert  und sich mehr auf verschiedene Zielgruppen konzentriert: Privath\u00e4user und Wohnungen, Produktionshallen und sogar Botschaften.<\/p>\n<p>Wir wollen unser Angebot verbessern, indem wir ein hohes Ma\u00df an Servicequalit\u00e4t aufrechterhalten und langfristige Kunden bei ihrem Wachstum und Wandel unterst\u00fctzen. Auf dem kroatischen Markt f\u00fcr Sicherheitsdienste, insbesondere im Bereich technischer Schutz, strebt das Alarmzentrum eine Spitzenposition unter den zehn gr\u00f6\u00dften Unternehmen an.<\/p>\n<p>Unsere Mission ist es, innovative Pakete mit  technischer Dienstleistungen zu schaffen, mit denen wir die Bed\u00fcrfnisse und Erwartungen unserer Kunden vollst\u00e4ndig erf\u00fcllen. Unser Hauptaugenmerk liegt darauf, ein hohes Ma\u00df an Professionalit\u00e4t zu wahren und unseren Kunden Stabilit\u00e4t und Sicherheit zu bieten sowie langfristiges und partnerschaftliches Vertrauen aufzubauen. Wir vertrauen voll und ganz auf die Empfehlungen unserer zufriedenen Kunden und Partner und stehen Ihnen deshalb jederzeit zur Verf\u00fcgung.<\/p>\n<p>Alarm Center &#8211; ein zuverl\u00e4ssiger Partner f\u00fcr die Sicherheit Ihres Hauses und Ihres Gesch\u00e4fts.<\/p>\n<p><strong>Geschichte<\/strong><\/p>\n<ol start=\"1998\">\n<li>Gewerbeanmeldung unter dem Namen Auto Centar \u0160imac, anfangs hat die Firma sich auf die Sicherheit und Sonderaustattung von Fahrzeugen spezialisiert.<\/li>\n<li>umbenennung in Alarm Centar und Ausweitung des Gesch\u00e4ftsfedes auf die Sicherheit von Objekten<\/li>\n<li>das Gewrbe wird in eine GmbH umgewandelt mit dem Namen Alarm Centar d.o.o.. Das Gesch\u00e4ftsfeld umfasst nun die komlette Sicherheit von privater und gewerblicher Sicherheit,<br \/>\nTechnische Sicherheit ist nun schon seit 20 Jahren unser Hauptaufgabengebiet.<\/li>\n<\/ol>\n<\/div><\/section><\/p><\/div><div class='flex_column av-d06iv-825bcf5cc48fa2d6a29710091612b39d av_one_half  avia-builder-el-6  el_after_av_one_half  avia-builder-el-last  flex_column_div '     ><p>\n<style type=\"text\/css\" data-created_by=\"avia_inline_auto\" id=\"style-css-av-oilz-a9e972b90ce0043ca233c946700ab413\">\n#top .av-special-heading.av-oilz-a9e972b90ce0043ca233c946700ab413{\npadding-bottom:10px;\n}\nbody .av-special-heading.av-oilz-a9e972b90ce0043ca233c946700ab413 .av-special-heading-tag .heading-char{\nfont-size:25px;\n}\n.av-special-heading.av-oilz-a9e972b90ce0043ca233c946700ab413 .av-subheading{\nfont-size:15px;\n}\n<\/style>\n<div  class='av-special-heading av-oilz-a9e972b90ce0043ca233c946700ab413 av-special-heading-h3 blockquote modern-quote  avia-builder-el-7  el_before_av_textblock  avia-builder-el-first '><h3 class='av-special-heading-tag'  itemprop=\"headline\"  >Erfahrungen<\/h3><div class=\"special-heading-border\"><div class=\"special-heading-inner-border\"><\/div><\/div><\/div><br \/>\n<section  class='av_textblock_section av-bvbx7-671f0400411156a99a3520c4cc0ec459'  itemscope=\"itemscope\" itemtype=\"https:\/\/schema.org\/CreativeWork\" ><div class='avia_textblock'  itemprop=\"text\" ><p><strong>Large reference list<\/strong><\/p>\n<p>Bis heute haben wir viele Objekte unterschiedlicher Art und Nutzung mit unserem Sicherheitssysthem ausgestattet, von privaten Wohnungen, H\u00e4usern und Villen bis hin zu Produktionshallen und Botschaften.<\/p>\n<p><strong>Erfahrung und Wissen<\/strong><\/p>\n<p>Mit unserem gro\u00dfen Wissen und unserer 20-j\u00e4hrigen Erfahrung sind wir in der Lage, alle Anforderungen an professionelle und hochwertige L\u00f6sungen f\u00fcr die technische Sicherheit zu erf\u00fcllen. Ob es sich um kleinere Privatobjekte, gr\u00f6\u00dfere Unternehmen oder gro\u00dfe Hallen und Geb\u00e4ude handelt, wir beraten Sie gerne , schlagen die beste L\u00f6sung f\u00fcr Ihre Bed\u00fcrfnisse vor und unterbreiten Ihnen ein optimales Angebot.<\/p>\n<p>Durch die Investition in unser Wissen durch verschiedene Fachseminare (sowohl in Kroatien als auch im Ausland), fortlaufend begleitende Veranstaltungen und Innovationen auf dem Gebiet des technischen Schutzes tragen wir zum Qualit\u00e4tsniveau unseres Angebots bei.<\/p>\n<p><strong>Qualit\u00e4tsgarantei<\/strong><\/p>\n<p>Wir geben Ihnen 24 Monate Garantie auf alle Produkte und Dienstleistungen, mit einer erweiterten Garantie von bis zu 4 Jahren.<\/p>\n<p>Die von uns angebotenen Ger\u00e4te verf\u00fcgen nicht nur \u00fcber international anerkannte Zertifikate, sondern wurden auch weltweit mit zahlreichen Preisen und Anerkennungen ausgezeichnet.<\/p>\n<p>Die von uns verwendeten Alarmanlagen Paradox und DSC sind kanadischen Ursprungs. Sie werden also nicht in China oder \u00e4hnlichen L\u00e4ndern hergestellt, sondern haben das Label <em>Made in Canada<\/em>.<\/p>\n<p><strong>Aftersales customer care<\/strong><\/p>\n<p>Nachdem wir Ihnen etwas verkauft haben und Ihre Alarmanlage, Video\u00fcberwachung oder etwas anderes installiert haben, sind Sie nicht allein. Wir k\u00fcmmern uns weiterhin um die Sicherheit Ihres Schutzsystems.<\/p>\n<p>Bei regelm\u00e4\u00dfiger Wartung und optionaler 24-Stunden-\u00dcberwachung Ihrer Anlage sind wir besorgt, dass sie immer im richtigen Zustand ist, denn nur das richtige technische Schutzsystem garantiert Ihnen jederzeit die volle Sicherheit.<\/p>\n<p>Wenn Sie nicht sicher sind, wie Sie mit einem Ger\u00e4t umgehen sollen, beispielsweise ein Video von Ihrem Video\u00fcberwachungssystem ansehen oder es auf einer CD oder einem USB-Stick speichern m\u00f6chten und nicht wissen, wie Sie damit umgehen sollen, rufen Sie uns einfach an.<\/p>\n<\/div><\/section><\/p><\/div><\/div><\/div><\/div><!-- close content main div --><\/div><div class='av-extra-border-element border-extra-arrow-down'><div class='av-extra-border-outer'><div class='av-extra-border-inner'><\/div><\/div><\/div><\/div>\n<style type=\"text\/css\" data-created_by=\"avia_inline_auto\" id=\"style-css-av-6us2r-4deab1195d6044247b2a1328d6f1e697\">\n.avia-section.av-6us2r-4deab1195d6044247b2a1328d6f1e697{\nbackground-color:#eaeaea;\nbackground-image:unset;\n}\n<\/style>\n<div id='av_section_3'  class='avia-section av-6us2r-4deab1195d6044247b2a1328d6f1e697 main_color avia-section-default avia-border-extra-arrow-down avia-no-border-styling  avia-builder-el-9  el_after_av_section  avia-builder-el-last  avia-bg-style-scroll container_wrap sidebar_right'  ><div class='container av-section-cont-open' ><div class='template-page content  av-content-small alpha units'><div class='post-entry post-entry-type-page post-entry-855'><div class='entry-content-wrapper clearfix'>\n<br \/><div class='flex_column av-1frjv-19e012bf62e6364dbbf4c89a1487f961 av_one_third  avia-builder-el-10  el_before_av_one_third  avia-builder-el-first  first flex_column_div '     ><div  class=\"avia-animated-number av-wn7b-72cb16c31e4014884a62e760371442e3 av-force-default-color avia_animate_when_visible  avia-builder-el-11  avia-builder-el-no-sibling  \" data-timer=\"3000\"><strong class=\"heading avia-animated-number-title\"><span class=\"avia-single-number __av-single-number\" data-number_format=\"\" data-number=\"350\" data-start_from=\"0\">350<\/span><\/strong><div class=\"avia-animated-number-content\"><p>Projects<\/p>\n<\/div><\/div><\/div><div class='flex_column av-2yezn-3713162c18b5cfd1abffad2915a333e8 av_one_third  avia-builder-el-12  el_after_av_one_third  el_before_av_one_third  flex_column_div '     ><div  class=\"avia-animated-number av-2690v-04849663b4fb38c67060813fdcb9cde5 av-force-default-color avia_animate_when_visible  avia-builder-el-13  avia-builder-el-no-sibling  \" data-timer=\"3000\"><strong class=\"heading avia-animated-number-title\"><span class=\"avia-single-number __av-single-number\" data-number_format=\"\" data-number=\"215\" data-start_from=\"0\">215<\/span><\/strong><div class=\"avia-animated-number-content\"><p>Clients<\/p>\n<\/div><\/div><\/div><div class='flex_column av-59urr-03ef0112b247873dc7f945e0fbc0890b av_one_third  avia-builder-el-14  el_after_av_one_third  avia-builder-el-last  flex_column_div '     ><div  class=\"avia-animated-number av-4d4u7-c735a416c8044aa1014325eaa4b8778f av-force-default-color avia_animate_when_visible  avia-builder-el-15  avia-builder-el-no-sibling  \" data-timer=\"3000\"><strong class=\"heading avia-animated-number-title\"><span class=\"avia-single-number __av-single-number\" data-number_format=\"\" data-number=\"20\" data-start_from=\"0\">20<\/span><\/strong><div class=\"avia-animated-number-content\"><p>Years of experience<\/p>\n<\/div><\/div><\/div>\n<\/div><\/div><\/div><!-- close content main div --><\/div><\/div><div id='after_section_3'  class='main_color av_default_container_wrap container_wrap sidebar_right'  ><div class='container av-section-cont-open' ><div class='template-page content  av-content-small alpha units'><div class='post-entry post-entry-type-page post-entry-855'><div class='entry-content-wrapper clearfix'><\/p>\n","protected":false},"excerpt":{"rendered":"","protected":false},"author":1,"featured_media":0,"parent":0,"menu_order":0,"comment_status":"open","ping_status":"open","template":"","meta":{"footnotes":""},"class_list":["post-855","page","type-page","status-publish","hentry"],"_links":{"self":[{"href":"https:\/\/alarmcentar.hr\/de\/wp-json\/wp\/v2\/pages\/855","targetHints":{"allow":["GET"]}}],"collection":[{"href":"https:\/\/alarmcentar.hr\/de\/wp-json\/wp\/v2\/pages"}],"about":[{"href":"https:\/\/alarmcentar.hr\/de\/wp-json\/wp\/v2\/types\/page"}],"author":[{"embeddable":true,"href":"https:\/\/alarmcentar.hr\/de\/wp-json\/wp\/v2\/users\/1"}],"replies":[{"embeddable":true,"href":"https:\/\/alarmcentar.hr\/de\/wp-json\/wp\/v2\/comments?post=855"}],"version-history":[{"count":3,"href":"https:\/\/alarmcentar.hr\/de\/wp-json\/wp\/v2\/pages\/855\/revisions"}],"predecessor-version":[{"id":858,"href":"https:\/\/alarmcentar.hr\/de\/wp-json\/wp\/v2\/pages\/855\/revisions\/858"}],"wp:attachment":[{"href":"https:\/\/alarmcentar.hr\/de\/wp-json\/wp\/v2\/media?parent=855"}],"curies":[{"name":"wp","href":"https:\/\/api.w.org\/{rel}","templated":true}]}}