{"id":901,"date":"2019-07-26T20:22:49","date_gmt":"2019-07-26T20:22:49","guid":{"rendered":"http:\/\/alarmcentar.hr\/produkte\/"},"modified":"2019-07-26T20:22:50","modified_gmt":"2019-07-26T20:22:50","slug":"produkte","status":"publish","type":"page","link":"https:\/\/alarmcentar.hr\/de\/produkte\/","title":{"rendered":"Produkte"},"content":{"rendered":"\n<style type=\"text\/css\" data-created_by=\"avia_inline_auto\" id=\"style-css-av-7lhnyf-29361770dd8246b4a00216495ffa01e7\">\n.avia-section.av-7lhnyf-29361770dd8246b4a00216495ffa01e7{\nbackground-color:#c60f0f;\nbackground-image:url(https:\/\/alarmcentar.hr\/wp-content\/uploads\/2019\/03\/background-2.jpg);\nbackground-repeat:no-repeat;\nbackground-position:50% 100%;\nbackground-attachment:scroll;\n}\n.avia-section.av-7lhnyf-29361770dd8246b4a00216495ffa01e7 .av-extra-border-element .av-extra-border-inner{\nbackground-color:#c60f0f;\n}\n<\/style>\n<div id='av_section_1'  class='avia-section av-7lhnyf-29361770dd8246b4a00216495ffa01e7 main_color avia-section-default avia-no-border-styling  avia-builder-el-0  el_before_av_section  avia-builder-el-first  avia-full-stretch avia-bg-style-scroll av-arrow-down-section av-minimum-height av-minimum-height-custom  container_wrap sidebar_right'  data-section-bg-repeat='stretch' data-av_minimum_height_px='430'><div class='container av-section-cont-open' style='height:430px'><main  role=\"main\" itemprop=\"mainContentOfPage\"  class='template-page content  av-content-small alpha units'><div class='post-entry post-entry-type-page post-entry-901'><div class='entry-content-wrapper clearfix'>\n\n<style type=\"text\/css\" data-created_by=\"avia_inline_auto\" id=\"style-css-av-jt4vopby-3257109e408aeb16d74cf58434dd9aad\">\n#top .av-special-heading.av-jt4vopby-3257109e408aeb16d74cf58434dd9aad{\npadding-bottom:40px;\ncolor:#ffffff;\nfont-size:72px;\n}\nbody .av-special-heading.av-jt4vopby-3257109e408aeb16d74cf58434dd9aad .av-special-heading-tag .heading-char{\nfont-size:25px;\n}\n#top #wrap_all .av-special-heading.av-jt4vopby-3257109e408aeb16d74cf58434dd9aad .av-special-heading-tag{\nfont-size:72px;\n}\n.av-special-heading.av-jt4vopby-3257109e408aeb16d74cf58434dd9aad .special-heading-inner-border{\nborder-color:#ffffff;\n}\n.av-special-heading.av-jt4vopby-3257109e408aeb16d74cf58434dd9aad .av-subheading{\nfont-size:20px;\n}\n\n@media only screen and (min-width: 480px) and (max-width: 767px){ \n#top #wrap_all .av-special-heading.av-jt4vopby-3257109e408aeb16d74cf58434dd9aad .av-special-heading-tag{\nfont-size:0.8em;\n}\n}\n\n@media only screen and (max-width: 479px){ \n#top #wrap_all .av-special-heading.av-jt4vopby-3257109e408aeb16d74cf58434dd9aad .av-special-heading-tag{\nfont-size:0.8em;\n}\n}\n<\/style>\n<div  class='av-special-heading av-jt4vopby-3257109e408aeb16d74cf58434dd9aad av-special-heading-h2 custom-color-heading blockquote modern-quote  avia-builder-el-1  avia-builder-el-no-sibling  av-inherit-size'><h2 class='av-special-heading-tag'  itemprop=\"headline\"  >Produkte<\/h2><div class='av_custom_color av-subheading av-subheading_below'><p>Wir bieten professionelle Sicherheitssysteme der weltweit bekanntesten Hersteller.<\/p>\n<\/div><div class=\"special-heading-border\"><div class=\"special-heading-inner-border\"><\/div><\/div><\/div>\n\n<\/div><\/div><\/main><!-- close content main element --><\/div><div class='av-extra-border-element border-extra-arrow-down'><div class='av-extra-border-outer'><div class='av-extra-border-inner'><\/div><\/div><\/div><\/div><div id='av_section_2'  class='avia-section av-y2hb-9a0e9f4060e5f6152d8a9c0dc2f56547 main_color avia-section-default avia-no-border-styling  avia-builder-el-2  el_after_av_section  el_before_av_button_big  avia-bg-style-scroll container_wrap sidebar_right'  ><div class='container av-section-cont-open' ><div class='template-page content  av-content-small alpha units'><div class='post-entry post-entry-type-page post-entry-901'><div class='entry-content-wrapper clearfix'>\n\n<style type=\"text\/css\" data-created_by=\"avia_inline_auto\" id=\"style-css-av-32kvcv-c4fb6a36d476998bd215450be4218ea5\">\n.flex_column.av-32kvcv-c4fb6a36d476998bd215450be4218ea5{\n-webkit-border-radius:0px 0px 0px 0px;\n-moz-border-radius:0px 0px 0px 0px;\nborder-radius:0px 0px 0px 0px;\npadding:0px 0px 0px 0px;\n}\n<\/style>\n<div class='flex_column av-32kvcv-c4fb6a36d476998bd215450be4218ea5 av_one_fourth  avia-builder-el-3  el_before_av_three_fourth  avia-builder-el-first  first flex_column_div av-zero-column-padding '     ><style type=\"text\/css\" data-created_by=\"avia_inline_auto\" id=\"style-css-av-jt4w9gcn-55cdcb77ee7027c90a2807514a327796\">\n.avia-image-container.av-jt4w9gcn-55cdcb77ee7027c90a2807514a327796 img.avia_image{\nbox-shadow:none;\n}\n.avia-image-container.av-jt4w9gcn-55cdcb77ee7027c90a2807514a327796 .av-image-caption-overlay-center{\ncolor:#ffffff;\n}\n<\/style>\n<div  class='avia-image-container av-jt4w9gcn-55cdcb77ee7027c90a2807514a327796 av-styling- avia-align-center  avia-builder-el-4  avia-builder-el-no-sibling '   itemprop=\"image\" itemscope=\"itemscope\" itemtype=\"https:\/\/schema.org\/ImageObject\" ><div class=\"avia-image-container-inner\"><div class=\"avia-image-overlay-wrap\"><img decoding=\"async\" class='wp-image-919 avia-img-lazy-loading-not-919 avia_image ' src=\"https:\/\/alarmcentar.hr\/wp-content\/uploads\/2019\/03\/bezicni-alarm-i-PIR-sa-GSM-EPIR-3.png\" alt='' title='bezicni alarm i PIR sa GSM EPIR 3'  height=\"245\" width=\"360\"  itemprop=\"thumbnailUrl\" srcset=\"https:\/\/alarmcentar.hr\/wp-content\/uploads\/2019\/03\/bezicni-alarm-i-PIR-sa-GSM-EPIR-3.png 360w, https:\/\/alarmcentar.hr\/wp-content\/uploads\/2019\/03\/bezicni-alarm-i-PIR-sa-GSM-EPIR-3-300x204.png 300w\" sizes=\"(max-width: 360px) 100vw, 360px\" \/><\/div><\/div><\/div><\/div>\n<style type=\"text\/css\" data-created_by=\"avia_inline_auto\" id=\"style-css-av-2vz5hj-9406bfb31ea6f5aebbd5353609cc8c01\">\n.flex_column.av-2vz5hj-9406bfb31ea6f5aebbd5353609cc8c01{\n-webkit-border-radius:0px 0px 0px 0px;\n-moz-border-radius:0px 0px 0px 0px;\nborder-radius:0px 0px 0px 0px;\npadding:0px 0px 0px 0px;\n}\n<\/style>\n<div class='flex_column av-2vz5hj-9406bfb31ea6f5aebbd5353609cc8c01 av_three_fourth  avia-builder-el-5  el_after_av_one_fourth  el_before_av_one_fourth  flex_column_div av-zero-column-padding '     ><section  class='av_textblock_section av-jt4vx3bu-160e29fc8e958936ab0f63bd4729855e'  itemscope=\"itemscope\" itemtype=\"https:\/\/schema.org\/CreativeWork\" ><div class='avia_textblock'  itemprop=\"text\" ><h3>Alarmsystem<\/h3>\n<p>Egal, ob es sich um ein fertiggestelltes und m\u00f6bliertes Objekt, ein Objekt im Rohbau oder eine Renovierung handelt, wir haben die L\u00f6sung f\u00fcr alle Varianten, mit der Sie voll und ganz zufrieden und sicher in Ihrem Zuhause sind.<\/p>\n<p>Unser Angebot an Alarmsystemen enth\u00e4lt nur gepr\u00fcfte und vertrauensw\u00fcrdige Ger\u00e4te, von denen wir im Laufe der Jahre \u00fcberzeugt wurden, dass sie Stabilit\u00e4t, Zuverl\u00e4ssigkeit und Haltbarkeit bieten.<\/p>\n<p>Wenn Sie eine private Wohnung oder ein privates Haus, ein Unternehmen, ein Gesch\u00e4ft oder ein Warenhaus, Sportwetten oder Casinos haben &#8211; f\u00fcr jede Art von Einrichtung haben wir ausgefeilte Konzepte und fertige L\u00f6sungen, die Ihnen angeboten werden k\u00f6nnen.<\/p>\n<\/div><\/section><\/div>\n<style type=\"text\/css\" data-created_by=\"avia_inline_auto\" id=\"style-css-av-2d9v27-efbed1fe1537ad80d9f76760c338e2dd\">\n.flex_column.av-2d9v27-efbed1fe1537ad80d9f76760c338e2dd{\n-webkit-border-radius:0px 0px 0px 0px;\n-moz-border-radius:0px 0px 0px 0px;\nborder-radius:0px 0px 0px 0px;\npadding:0px 0px 0px 0px;\n}\n<\/style>\n<div class='flex_column av-2d9v27-efbed1fe1537ad80d9f76760c338e2dd av_one_fourth  avia-builder-el-7  el_after_av_three_fourth  el_before_av_three_fourth  first flex_column_div av-zero-column-padding column-top-margin'     ><style type=\"text\/css\" data-created_by=\"avia_inline_auto\" id=\"style-css-av-jt4wkrpy-33611064b8daa9f1b5f5b7f984fd97cb\">\n.avia-image-container.av-jt4wkrpy-33611064b8daa9f1b5f5b7f984fd97cb img.avia_image{\nbox-shadow:none;\n}\n.avia-image-container.av-jt4wkrpy-33611064b8daa9f1b5f5b7f984fd97cb .av-image-caption-overlay-center{\ncolor:#ffffff;\n}\n<\/style>\n<div  class='avia-image-container av-jt4wkrpy-33611064b8daa9f1b5f5b7f984fd97cb av-styling- avia-align-center  avia-builder-el-8  avia-builder-el-no-sibling '   itemprop=\"image\" itemscope=\"itemscope\" itemtype=\"https:\/\/schema.org\/ImageObject\" ><div class=\"avia-image-container-inner\"><div class=\"avia-image-overlay-wrap\"><img decoding=\"async\" class='wp-image-914 avia-img-lazy-loading-not-914 avia_image ' src=\"https:\/\/alarmcentar.hr\/wp-content\/uploads\/2019\/06\/Hikvision-LightFighter-serie.jpg\" alt='' title='Hikvision-LightFighter-serie'  height=\"782\" width=\"1024\"  itemprop=\"thumbnailUrl\" srcset=\"https:\/\/alarmcentar.hr\/wp-content\/uploads\/2019\/06\/Hikvision-LightFighter-serie.jpg 1024w, https:\/\/alarmcentar.hr\/wp-content\/uploads\/2019\/06\/Hikvision-LightFighter-serie-300x229.jpg 300w, https:\/\/alarmcentar.hr\/wp-content\/uploads\/2019\/06\/Hikvision-LightFighter-serie-768x587.jpg 768w, https:\/\/alarmcentar.hr\/wp-content\/uploads\/2019\/06\/Hikvision-LightFighter-serie-705x538.jpg 705w, https:\/\/alarmcentar.hr\/wp-content\/uploads\/2019\/06\/Hikvision-LightFighter-serie-450x344.jpg 450w\" sizes=\"(max-width: 1024px) 100vw, 1024px\" \/><\/div><\/div><\/div><\/div>\n<style type=\"text\/css\" data-created_by=\"avia_inline_auto\" id=\"style-css-av-29qiyf-c72fc0c9f32d77a11f151e277fdf47d5\">\n.flex_column.av-29qiyf-c72fc0c9f32d77a11f151e277fdf47d5{\n-webkit-border-radius:0px 0px 0px 0px;\n-moz-border-radius:0px 0px 0px 0px;\nborder-radius:0px 0px 0px 0px;\npadding:0px 0px 0px 0px;\n}\n<\/style>\n<div class='flex_column av-29qiyf-c72fc0c9f32d77a11f151e277fdf47d5 av_three_fourth  avia-builder-el-9  el_after_av_one_fourth  el_before_av_one_fourth  flex_column_div av-zero-column-padding column-top-margin'     ><section  class='av_textblock_section av-jt4vx3bu-160e29fc8e958936ab0f63bd4729855e'  itemscope=\"itemscope\" itemtype=\"https:\/\/schema.org\/CreativeWork\" ><div class='avia_textblock'  itemprop=\"text\" ><h3>Vgideo\u00fcberwachung<\/h3>\n<p>Unsere Kameras sind standardm\u00e4\u00dfig mit einer Full HD Ausf\u00fchrung ausgestattet,diese erm\u00f6glicht uns bewegliche Bilder zu analysieren, Personen \u00dcbertritte von einem in den anderen Raum zu erkennen,den Zutritt von Unbefugten Personen sofort zu erkennen, Ein und Austritte von Personen zu z\u00e4hlen oder sogar Gesichtserkennungen durchzuf\u00fchren.<\/p>\n<p>Ausserdem ist der Vorteil bei unserem Video\u00fcberwachungssysthem, dass wir kontinuirlich die Unterst\u00fctzung des Herstellers haben.Konkret bedeut dies, dass unsere Ger\u00e4te immer auf dem Neusten Stand sind und alle Ver\u00e4nderungen in der Technologie gleich angepasst warden.<\/p>\n<p>Somit k\u00f6nnen Kameras , welche Sie vor 5 Jahren erworben haben, heute nach Wunsch auf den neuesten Stand gebracht warden und auch \u00fcber Smartphone oder Tablets genutzt warden.<\/p>\n<p>Zu all dem k\u00f6nnen wir Ihnen eine Vielzahl von Kameramodellen anbieten. Angefangen vom Design bis hin zu h\u00f6chsten technischen Anforderungen ist alles dabei.<\/p>\n<\/div><\/section><\/div>\n<style type=\"text\/css\" data-created_by=\"avia_inline_auto\" id=\"style-css-av-1qxno7-56203d639304d59ed839d726b70de6be\">\n.flex_column.av-1qxno7-56203d639304d59ed839d726b70de6be{\n-webkit-border-radius:0px 0px 0px 0px;\n-moz-border-radius:0px 0px 0px 0px;\nborder-radius:0px 0px 0px 0px;\npadding:0px 0px 0px 0px;\n}\n<\/style>\n<div class='flex_column av-1qxno7-56203d639304d59ed839d726b70de6be av_one_fourth  avia-builder-el-11  el_after_av_three_fourth  el_before_av_three_fourth  first flex_column_div av-zero-column-padding column-top-margin'     ><style type=\"text\/css\" data-created_by=\"avia_inline_auto\" id=\"style-css-av-jt4wqt66-1a24950140af9e6c26c0a42d5250b023\">\n.avia-image-container.av-jt4wqt66-1a24950140af9e6c26c0a42d5250b023 img.avia_image{\nbox-shadow:none;\n}\n.avia-image-container.av-jt4wqt66-1a24950140af9e6c26c0a42d5250b023 .av-image-caption-overlay-center{\ncolor:#ffffff;\n}\n<\/style>\n<div  class='avia-image-container av-jt4wqt66-1a24950140af9e6c26c0a42d5250b023 av-styling- avia-align-center  avia-builder-el-12  avia-builder-el-no-sibling '   itemprop=\"image\" itemscope=\"itemscope\" itemtype=\"https:\/\/schema.org\/ImageObject\" ><div class=\"avia-image-container-inner\"><div class=\"avia-image-overlay-wrap\"><img decoding=\"async\" class='wp-image-911 avia-img-lazy-loading-not-911 avia_image ' src=\"https:\/\/alarmcentar.hr\/wp-content\/uploads\/2019\/06\/ds-kit605.jpg\" alt='' title='ds kit605'  height=\"500\" width=\"500\"  itemprop=\"thumbnailUrl\" srcset=\"https:\/\/alarmcentar.hr\/wp-content\/uploads\/2019\/06\/ds-kit605.jpg 500w, https:\/\/alarmcentar.hr\/wp-content\/uploads\/2019\/06\/ds-kit605-80x80.jpg 80w, https:\/\/alarmcentar.hr\/wp-content\/uploads\/2019\/06\/ds-kit605-300x300.jpg 300w, https:\/\/alarmcentar.hr\/wp-content\/uploads\/2019\/06\/ds-kit605-36x36.jpg 36w, https:\/\/alarmcentar.hr\/wp-content\/uploads\/2019\/06\/ds-kit605-180x180.jpg 180w, https:\/\/alarmcentar.hr\/wp-content\/uploads\/2019\/06\/ds-kit605-120x120.jpg 120w, https:\/\/alarmcentar.hr\/wp-content\/uploads\/2019\/06\/ds-kit605-450x450.jpg 450w\" sizes=\"(max-width: 500px) 100vw, 500px\" \/><\/div><\/div><\/div><\/div>\n<style type=\"text\/css\" data-created_by=\"avia_inline_auto\" id=\"style-css-av-1luohb-984c6242e0966f5ffc30f2968caaf9d3\">\n.flex_column.av-1luohb-984c6242e0966f5ffc30f2968caaf9d3{\n-webkit-border-radius:0px 0px 0px 0px;\n-moz-border-radius:0px 0px 0px 0px;\nborder-radius:0px 0px 0px 0px;\npadding:0px 0px 0px 0px;\n}\n<\/style>\n<div class='flex_column av-1luohb-984c6242e0966f5ffc30f2968caaf9d3 av_three_fourth  avia-builder-el-13  el_after_av_one_fourth  el_before_av_one_fourth  flex_column_div av-zero-column-padding column-top-margin'     ><section  class='av_textblock_section av-jt4vx3bu-160e29fc8e958936ab0f63bd4729855e'  itemscope=\"itemscope\" itemtype=\"https:\/\/schema.org\/CreativeWork\" ><div class='avia_textblock'  itemprop=\"text\" ><h3>Einlasskontrolle<\/h3>\n<p>Egal wie einfach die Einlasskontrolle sowie die Bewegungsmelder aussehen, in Wirklichkeit sieht dies jedoch anders aus.Die Einlasskontrolle beinhaltet den gr\u00f6\u00dften Teil der Austattung sowie der technischen Voraussetzung. An der Eingangskontrolle h\u00e4ngen eine Vielzahl von anderen Dingen wie Z.Bsp. die Kontrolle von weiteren T\u00fcren , Schr\u00e4nken, L\u00fcftungsanlagen etc.<\/p>\n<p>Mit diesen Funktionen kann man dann zuk\u00fcnftig weitere Prozesse kontrolieren und auswerten.So kann die Arbeitszeit der Mitarbeiter kontroliert warden. Die Verschmelzung  von Kontrolle und Sicherheit ist ein wichtiger Punkt. Da so die Funktionen am besten genutz werden k\u00f6nnen. Des weiteren ist es wichtig alle anderen technischen Gegebenheiten mit zu integrieren um ein perfektes Ergebnis f\u00fcr das komlette Objekt zu erhalten.<\/p>\n<\/div><\/section><\/div>\n<style type=\"text\/css\" data-created_by=\"avia_inline_auto\" id=\"style-css-av-13cz7b-b8fae4c8d671d5212015f6a389e10367\">\n.flex_column.av-13cz7b-b8fae4c8d671d5212015f6a389e10367{\n-webkit-border-radius:0px 0px 0px 0px;\n-moz-border-radius:0px 0px 0px 0px;\nborder-radius:0px 0px 0px 0px;\npadding:0px 0px 0px 0px;\n}\n<\/style>\n<div class='flex_column av-13cz7b-b8fae4c8d671d5212015f6a389e10367 av_one_fourth  avia-builder-el-15  el_after_av_three_fourth  el_before_av_three_fourth  first flex_column_div av-zero-column-padding column-top-margin'     ><style type=\"text\/css\" data-created_by=\"avia_inline_auto\" id=\"style-css-av-jt4wqt66-cc07e6f9d5a640164a20372dac271a05\">\n.avia-image-container.av-jt4wqt66-cc07e6f9d5a640164a20372dac271a05 img.avia_image{\nbox-shadow:none;\n}\n.avia-image-container.av-jt4wqt66-cc07e6f9d5a640164a20372dac271a05 .av-image-caption-overlay-center{\ncolor:#ffffff;\n}\n<\/style>\n<div  class='avia-image-container av-jt4wqt66-cc07e6f9d5a640164a20372dac271a05 av-styling- avia-align-center  avia-builder-el-16  avia-builder-el-no-sibling '   itemprop=\"image\" itemscope=\"itemscope\" itemtype=\"https:\/\/schema.org\/ImageObject\" ><div class=\"avia-image-container-inner\"><div class=\"avia-image-overlay-wrap\"><img decoding=\"async\" class='wp-image-913 avia-img-lazy-loading-not-913 avia_image ' src=\"https:\/\/alarmcentar.hr\/wp-content\/uploads\/2019\/06\/takex-perimetarska-za\u0161tita.jpg\" alt='' title='takex-perimetarska-za\u0161tita'  height=\"960\" width=\"960\"  itemprop=\"thumbnailUrl\" srcset=\"https:\/\/alarmcentar.hr\/wp-content\/uploads\/2019\/06\/takex-perimetarska-za\u0161tita.jpg 960w, https:\/\/alarmcentar.hr\/wp-content\/uploads\/2019\/06\/takex-perimetarska-za\u0161tita-80x80.jpg 80w, https:\/\/alarmcentar.hr\/wp-content\/uploads\/2019\/06\/takex-perimetarska-za\u0161tita-300x300.jpg 300w, https:\/\/alarmcentar.hr\/wp-content\/uploads\/2019\/06\/takex-perimetarska-za\u0161tita-768x768.jpg 768w, https:\/\/alarmcentar.hr\/wp-content\/uploads\/2019\/06\/takex-perimetarska-za\u0161tita-36x36.jpg 36w, https:\/\/alarmcentar.hr\/wp-content\/uploads\/2019\/06\/takex-perimetarska-za\u0161tita-180x180.jpg 180w, https:\/\/alarmcentar.hr\/wp-content\/uploads\/2019\/06\/takex-perimetarska-za\u0161tita-705x705.jpg 705w, https:\/\/alarmcentar.hr\/wp-content\/uploads\/2019\/06\/takex-perimetarska-za\u0161tita-120x120.jpg 120w, https:\/\/alarmcentar.hr\/wp-content\/uploads\/2019\/06\/takex-perimetarska-za\u0161tita-450x450.jpg 450w\" sizes=\"(max-width: 960px) 100vw, 960px\" \/><\/div><\/div><\/div><\/div>\n<style type=\"text\/css\" data-created_by=\"avia_inline_auto\" id=\"style-css-av-y7tb3-af462aec56fc25258e97e443266e4ecd\">\n.flex_column.av-y7tb3-af462aec56fc25258e97e443266e4ecd{\n-webkit-border-radius:0px 0px 0px 0px;\n-moz-border-radius:0px 0px 0px 0px;\nborder-radius:0px 0px 0px 0px;\npadding:0px 0px 0px 0px;\n}\n<\/style>\n<div class='flex_column av-y7tb3-af462aec56fc25258e97e443266e4ecd av_three_fourth  avia-builder-el-17  el_after_av_one_fourth  el_before_av_one_fourth  flex_column_div av-zero-column-padding column-top-margin'     ><section  class='av_textblock_section av-jt4vx3bu-160e29fc8e958936ab0f63bd4729855e'  itemscope=\"itemscope\" itemtype=\"https:\/\/schema.org\/CreativeWork\" ><div class='avia_textblock'  itemprop=\"text\" ><h3>Sicherheitsumpfang<\/h3>\n<p>Gerade bei kommerziellen Anwendungen wird der Perimeterschutz sehr oft vernachl\u00e4ssigt. Aufgrund  schlechten Erfahrungen mit dem sogenannten &#8222;Fake-Alarm-System&#8220; vermeiden Installateure normalerweise diese Art von Schutz. Die Notwendigkeit des Schutzes von Gegenst\u00e4nden au\u00dferhalb des gesch\u00fctzten Objekts sowie die W\u00fcnsche der Kunden nach zus\u00e4tzlicher Sicherheit werden jedoch sehr anspruchsvoll. Der Schutz pers\u00f6nlicher R\u00e4ume wie G\u00e4rten, Terrassen usw. sollte nicht vernachl\u00e4ssigt werden, da diese oft sehr wertvolle Gegenst\u00e4nde und Outdoor-Ger\u00e4te enthalten, die f\u00fcr Diebe sehr leicht interessant werden k\u00f6nnen.<\/p>\n<p>Daneben ist es sehr wichtig, dass Diebe fr\u00fchzeitig abgeschreckt werden, in einen f\u00fcr uns wichtigen privaten Bereich einzudringen, um Einbruchsversuche und weiteren Schaden fr\u00fchzeitig zu vermeiden.<\/p>\n<\/div><\/section><\/div>\n<style type=\"text\/css\" data-created_by=\"avia_inline_auto\" id=\"style-css-av-fagrb-414836fdb3ab3c58b9ea85b0e1767778\">\n.flex_column.av-fagrb-414836fdb3ab3c58b9ea85b0e1767778{\n-webkit-border-radius:0px 0px 0px 0px;\n-moz-border-radius:0px 0px 0px 0px;\nborder-radius:0px 0px 0px 0px;\npadding:0px 0px 0px 0px;\n}\n<\/style>\n<div class='flex_column av-fagrb-414836fdb3ab3c58b9ea85b0e1767778 av_one_fourth  avia-builder-el-19  el_after_av_three_fourth  el_before_av_three_fourth  first flex_column_div av-zero-column-padding column-top-margin'     ><style type=\"text\/css\" data-created_by=\"avia_inline_auto\" id=\"style-css-av-jt4x540s-3a31e65a3af7f845882ba1204fedbc62\">\n.avia-image-container.av-jt4x540s-3a31e65a3af7f845882ba1204fedbc62 img.avia_image{\nbox-shadow:none;\n}\n.avia-image-container.av-jt4x540s-3a31e65a3af7f845882ba1204fedbc62 .av-image-caption-overlay-center{\ncolor:#ffffff;\n}\n<\/style>\n<div  class='avia-image-container av-jt4x540s-3a31e65a3af7f845882ba1204fedbc62 av-styling- avia-align-center  avia-builder-el-20  avia-builder-el-no-sibling '   itemprop=\"image\" itemscope=\"itemscope\" itemtype=\"https:\/\/schema.org\/ImageObject\" ><div class=\"avia-image-container-inner\"><div class=\"avia-image-overlay-wrap\"><img decoding=\"async\" class='wp-image-912 avia-img-lazy-loading-not-912 avia_image ' src=\"https:\/\/alarmcentar.hr\/wp-content\/uploads\/2019\/06\/paradox-alarmi-tm50-tm70.jpg\" alt='' title='paradox-alarmi-tm50-tm70'  height=\"732\" width=\"1180\"  itemprop=\"thumbnailUrl\" srcset=\"https:\/\/alarmcentar.hr\/wp-content\/uploads\/2019\/06\/paradox-alarmi-tm50-tm70.jpg 1180w, https:\/\/alarmcentar.hr\/wp-content\/uploads\/2019\/06\/paradox-alarmi-tm50-tm70-300x186.jpg 300w, https:\/\/alarmcentar.hr\/wp-content\/uploads\/2019\/06\/paradox-alarmi-tm50-tm70-768x476.jpg 768w, https:\/\/alarmcentar.hr\/wp-content\/uploads\/2019\/06\/paradox-alarmi-tm50-tm70-1030x639.jpg 1030w, https:\/\/alarmcentar.hr\/wp-content\/uploads\/2019\/06\/paradox-alarmi-tm50-tm70-705x437.jpg 705w, https:\/\/alarmcentar.hr\/wp-content\/uploads\/2019\/06\/paradox-alarmi-tm50-tm70-450x279.jpg 450w\" sizes=\"(max-width: 1180px) 100vw, 1180px\" \/><\/div><\/div><\/div><\/div>\n<style type=\"text\/css\" data-created_by=\"avia_inline_auto\" id=\"style-css-av-9iwjb-13a3d688140c51bb4540ad2bf2e85751\">\n.flex_column.av-9iwjb-13a3d688140c51bb4540ad2bf2e85751{\n-webkit-border-radius:0px 0px 0px 0px;\n-moz-border-radius:0px 0px 0px 0px;\nborder-radius:0px 0px 0px 0px;\npadding:0px 0px 0px 0px;\n}\n<\/style>\n<div class='flex_column av-9iwjb-13a3d688140c51bb4540ad2bf2e85751 av_three_fourth  avia-builder-el-21  el_after_av_one_fourth  avia-builder-el-last  flex_column_div av-zero-column-padding column-top-margin'     ><section  class='av_textblock_section av-jt4vx3bu-160e29fc8e958936ab0f63bd4729855e'  itemscope=\"itemscope\" itemtype=\"https:\/\/schema.org\/CreativeWork\" ><div class='avia_textblock'  itemprop=\"text\" ><h3>Intercoms<\/h3>\n<p>Neben den klassischen Sprechanlagen gibt es bereits seit langem IP-basierte Ger\u00e4te auf dem Markt, die eine wesentlich gr\u00f6\u00dfere Flexibilit\u00e4t bei der Integration bieten &#8211; etwa bei der Integration in die IP-Telefonie.<\/p>\n<p>F\u00fcr den Fall, dass Sie Objekte haben, die viel komplexer sind und aktualisiert und erweitert werden m\u00fcssen, erleichtert dieses System den Installateuren die Arbeit und spart den Investoren Geld.<\/p>\n<p>Klassische Gegensprechanlagen erf\u00fcllen die Anforderungen von kleineren Privatobjekten und Wohnobjekten bis zu etwa hundert Wohneinheiten. Wenn es jedoch komplexere Gesch\u00e4ftsgeb\u00e4ude mit mehr als ein paar hundert Benutzern gibt, sind IP-basierte Gegensprechanlagen die bessere Wahl.<\/p>\n<\/div><\/section><\/div><div  class='avia-button-wrap avia-button-center  avia-builder-el-23  el_after_av_section  avia-builder-el-last '>\n<style type=\"text\/css\" data-created_by=\"avia_inline_auto\" id=\"style-css-av-jt4xi4cy-72835a0298eb5036890cf166b0287895\">\n#top #wrap_all .avia-button.av-jt4xi4cy-72835a0298eb5036890cf166b0287895{\nbackground-color:#c60f0f;\nborder-color:#c60f0f;\ncolor:#ffffff;\n-webkit-transition:all 0.4s ease-in-out;\n-moz-transition:all 0.4s ease-in-out;\n-ms-transition:all 0.4s ease-in-out;\n-o-transition:all 0.4s ease-in-out;\ntransition:all 0.4s ease-in-out;\n}\n#top #wrap_all .avia-button.av-jt4xi4cy-72835a0298eb5036890cf166b0287895:hover{\nbackground-color:#444444;\ncolor:#ffffff;\n-webkit-transition:all 0.4s ease-in-out;\n-moz-transition:all 0.4s ease-in-out;\n-ms-transition:all 0.4s ease-in-out;\n-o-transition:all 0.4s ease-in-out;\ntransition:all 0.4s ease-in-out;\n}\n<\/style>\n<a href='http:\/\/alarmcentar.hr\/de\/kontakt\/' class='av-icon-on-hover avia-button avia-button-fullwidth av-jt4xi4cy-72835a0298eb5036890cf166b0287895 avia-icon_select-yes-right-icon avia-color-custom'  ><span class='avia_iconbox_title' >KONTAKTIEREN SIE UNS<\/span><span class='avia_button_icon avia_button_icon_right' aria-hidden='true' data-av_icon='\ue805' data-av_iconfont='entypo-fontello'><\/span><div class='av-button-description av-button-description-below'><p>Wenn Sie einen Kooperastionspatner suchen<\/p>\n<\/div><\/a><\/div><\/p>\n","protected":false},"excerpt":{"rendered":"","protected":false},"author":1,"featured_media":0,"parent":0,"menu_order":0,"comment_status":"closed","ping_status":"closed","template":"","meta":{"footnotes":""},"class_list":["post-901","page","type-page","status-publish","hentry"],"_links":{"self":[{"href":"https:\/\/alarmcentar.hr\/de\/wp-json\/wp\/v2\/pages\/901","targetHints":{"allow":["GET"]}}],"collection":[{"href":"https:\/\/alarmcentar.hr\/de\/wp-json\/wp\/v2\/pages"}],"about":[{"href":"https:\/\/alarmcentar.hr\/de\/wp-json\/wp\/v2\/types\/page"}],"author":[{"embeddable":true,"href":"https:\/\/alarmcentar.hr\/de\/wp-json\/wp\/v2\/users\/1"}],"replies":[{"embeddable":true,"href":"https:\/\/alarmcentar.hr\/de\/wp-json\/wp\/v2\/comments?post=901"}],"version-history":[{"count":2,"href":"https:\/\/alarmcentar.hr\/de\/wp-json\/wp\/v2\/pages\/901\/revisions"}],"predecessor-version":[{"id":921,"href":"https:\/\/alarmcentar.hr\/de\/wp-json\/wp\/v2\/pages\/901\/revisions\/921"}],"wp:attachment":[{"href":"https:\/\/alarmcentar.hr\/de\/wp-json\/wp\/v2\/media?parent=901"}],"curies":[{"name":"wp","href":"https:\/\/api.w.org\/{rel}","templated":true}]}}