{"id":922,"date":"2019-07-26T20:25:29","date_gmt":"2019-07-26T20:25:29","guid":{"rendered":"http:\/\/alarmcentar.hr\/services\/"},"modified":"2019-07-26T20:42:52","modified_gmt":"2019-07-26T20:42:52","slug":"services","status":"publish","type":"page","link":"https:\/\/alarmcentar.hr\/de\/services\/","title":{"rendered":"Service"},"content":{"rendered":"\n<style type=\"text\/css\" data-created_by=\"avia_inline_auto\" id=\"style-css-av-7lhnyf-29361770dd8246b4a00216495ffa01e7\">\n.avia-section.av-7lhnyf-29361770dd8246b4a00216495ffa01e7{\nbackground-color:#c60f0f;\nbackground-image:url(https:\/\/alarmcentar.hr\/wp-content\/uploads\/2019\/03\/background-2.jpg);\nbackground-repeat:no-repeat;\nbackground-position:50% 100%;\nbackground-attachment:scroll;\n}\n.avia-section.av-7lhnyf-29361770dd8246b4a00216495ffa01e7 .av-extra-border-element .av-extra-border-inner{\nbackground-color:#c60f0f;\n}\n<\/style>\n<div id='av_section_1'  class='avia-section av-7lhnyf-29361770dd8246b4a00216495ffa01e7 main_color avia-section-default avia-no-border-styling  avia-builder-el-0  el_before_av_section  avia-builder-el-first  avia-full-stretch avia-bg-style-scroll av-arrow-down-section av-minimum-height av-minimum-height-custom  container_wrap sidebar_right'  data-section-bg-repeat='stretch' data-av_minimum_height_px='430'><div class='container av-section-cont-open' style='height:430px'><main  role=\"main\" itemprop=\"mainContentOfPage\"  class='template-page content  av-content-small alpha units'><div class='post-entry post-entry-type-page post-entry-922'><div class='entry-content-wrapper clearfix'>\n\n<style type=\"text\/css\" data-created_by=\"avia_inline_auto\" id=\"style-css-av-jy3dvs5j-c7623375fc0b4df74d8e5e46d8114d76\">\n#top .av-special-heading.av-jy3dvs5j-c7623375fc0b4df74d8e5e46d8114d76{\npadding-bottom:40px;\ncolor:#ffffff;\nfont-size:72px;\n}\nbody .av-special-heading.av-jy3dvs5j-c7623375fc0b4df74d8e5e46d8114d76 .av-special-heading-tag .heading-char{\nfont-size:25px;\n}\n#top #wrap_all .av-special-heading.av-jy3dvs5j-c7623375fc0b4df74d8e5e46d8114d76 .av-special-heading-tag{\nfont-size:72px;\n}\n.av-special-heading.av-jy3dvs5j-c7623375fc0b4df74d8e5e46d8114d76 .special-heading-inner-border{\nborder-color:#ffffff;\n}\n.av-special-heading.av-jy3dvs5j-c7623375fc0b4df74d8e5e46d8114d76 .av-subheading{\nfont-size:20px;\n}\n\n@media only screen and (min-width: 480px) and (max-width: 767px){ \n#top #wrap_all .av-special-heading.av-jy3dvs5j-c7623375fc0b4df74d8e5e46d8114d76 .av-special-heading-tag{\nfont-size:0.8em;\n}\n}\n\n@media only screen and (max-width: 479px){ \n#top #wrap_all .av-special-heading.av-jy3dvs5j-c7623375fc0b4df74d8e5e46d8114d76 .av-special-heading-tag{\nfont-size:0.8em;\n}\n}\n<\/style>\n<div  class='av-special-heading av-jy3dvs5j-c7623375fc0b4df74d8e5e46d8114d76 av-special-heading-h2 custom-color-heading blockquote modern-quote  avia-builder-el-1  avia-builder-el-no-sibling  av-inherit-size'><h2 class='av-special-heading-tag'  itemprop=\"headline\"  >Service<\/h2><div class='av_custom_color av-subheading av-subheading_below'><p>Internationale Erfahrung, akribische und fachm\u00e4nnische Arbeit ist die Garantie f\u00fcr unsere Qualit\u00e4t.<\/p>\n<\/div><div class=\"special-heading-border\"><div class=\"special-heading-inner-border\"><\/div><\/div><\/div>\n<\/div><\/div><\/main><!-- close content main element --><\/div><div class='av-extra-border-element border-extra-arrow-down'><div class='av-extra-border-outer'><div class='av-extra-border-inner'><\/div><\/div><\/div><\/div><div id='av_section_2'  class='avia-section av-79i7jr-3aeaf5cd95b38482e6264a820ab10a3f main_color avia-section-default avia-no-border-styling  avia-builder-el-2  el_after_av_section  el_before_av_layout_row  avia-bg-style-scroll container_wrap sidebar_right'  ><div class='container av-section-cont-open' ><div class='template-page content  av-content-small alpha units'><div class='post-entry post-entry-type-page post-entry-922'><div class='entry-content-wrapper clearfix'>\n<div class='flex_column av-6zz7jz-183177594734eb9313d1f812bd1a40d0 av_one_fourth  avia-builder-el-3  el_before_av_one_fourth  avia-builder-el-first  first flex_column_div '     ><style type=\"text\/css\" data-created_by=\"avia_inline_auto\" id=\"style-css-av-oxutb-74dded857c34f6169726cd5f6379b509\">\n.iconbox.av-oxutb-74dded857c34f6169726cd5f6379b509 .iconbox_icon{\nborder:1px solid #c60f0f;\ncolor:#c60f0f;\n}\n<\/style>\n<article  class='iconbox iconbox_top av-oxutb-74dded857c34f6169726cd5f6379b509 av-no-box  avia-builder-el-4  avia-builder-el-no-sibling '  itemscope=\"itemscope\" itemtype=\"https:\/\/schema.org\/CreativeWork\" ><div class=\"iconbox_content\"><header class=\"entry-content-header\"><div class=\"iconbox_icon heading-color\" aria-hidden='true' data-av_icon='\ue841' data-av_iconfont='entypo-fontello'><\/div><h3 class='iconbox_content_title '  itemprop=\"headline\" >Designing<\/h3><\/header><div class='iconbox_content_container '  itemprop=\"text\" ><p>Designing of technical protection systems, bills and documentation<\/p>\n<\/div><\/div><footer class=\"entry-footer\"><\/footer><\/article><\/div><div class='flex_column av-6s3bnb-9d30eea6cf4d86f1ac87432b0a4931f3 av_one_fourth  avia-builder-el-5  el_after_av_one_fourth  el_before_av_one_fourth  flex_column_div '     ><style type=\"text\/css\" data-created_by=\"avia_inline_auto\" id=\"style-css-av-nsjxj-4eb68d46bc32745ec13ccc064a3994d5\">\n.iconbox.av-nsjxj-4eb68d46bc32745ec13ccc064a3994d5 .iconbox_icon{\nborder:1px solid #c60f0f;\ncolor:#c60f0f;\n}\n<\/style>\n<article  class='iconbox iconbox_top av-nsjxj-4eb68d46bc32745ec13ccc064a3994d5 av-no-box  avia-builder-el-6  avia-builder-el-no-sibling '  itemscope=\"itemscope\" itemtype=\"https:\/\/schema.org\/CreativeWork\" ><div class=\"iconbox_content\"><header class=\"entry-content-header\"><div class=\"iconbox_icon heading-color\" aria-hidden='true' data-av_icon='\ue856' data-av_iconfont='entypo-fontello'><\/div><h3 class='iconbox_content_title '  itemprop=\"headline\" >Installation<\/h3><\/header><div class='iconbox_content_container '  itemprop=\"text\" ><p>Unsere langj\u00e4hrige Erfahrung garantiert Ihnen ein Sicherheitsystem, welches eine lange Lebensdauer hat und einwandfrei funktioniert.<\/p>\n<\/div><\/div><footer class=\"entry-footer\"><\/footer><\/article><\/div><div class='flex_column av-6bghrz-0ef8eca19a96d7dcd8b241e867376505 av_one_fourth  avia-builder-el-7  el_after_av_one_fourth  el_before_av_one_fourth  flex_column_div '     ><style type=\"text\/css\" data-created_by=\"avia_inline_auto\" id=\"style-css-av-65a0in-a91dacf6e84fc6f75207c4670415e4c9\">\n.iconbox.av-65a0in-a91dacf6e84fc6f75207c4670415e4c9 .iconbox_icon{\nborder:1px solid #c60f0f;\ncolor:#c60f0f;\n}\n<\/style>\n<article  class='iconbox iconbox_top av-65a0in-a91dacf6e84fc6f75207c4670415e4c9 av-no-box  avia-builder-el-8  avia-builder-el-no-sibling '  itemscope=\"itemscope\" itemtype=\"https:\/\/schema.org\/CreativeWork\" ><div class=\"iconbox_content\"><header class=\"entry-content-header\"><div class=\"iconbox_icon heading-color\" aria-hidden='true' data-av_icon='\ue826' data-av_iconfont='entypo-fontello'><\/div><h3 class='iconbox_content_title '  itemprop=\"headline\" >Uberwachung und Reaktion<\/h3><\/header><div class='iconbox_content_container '  itemprop=\"text\" ><p>Wir bieten Ihnen 365 Tage 24 Stunden t\u00e4glich, Sicherheit f\u00fcr Ihr Objekt<\/p>\n<\/div><\/div><footer class=\"entry-footer\"><\/footer><\/article><\/div><div class='flex_column av-648p5j-6b3a1cee4a449f1b8722f0eb17f4b4c2 av_one_fourth  avia-builder-el-9  el_after_av_one_fourth  el_before_av_hr  flex_column_div '     ><style type=\"text\/css\" data-created_by=\"avia_inline_auto\" id=\"style-css-av-5vl3k7-d0607851a89d6fb0364cfaa81db32e52\">\n.iconbox.av-5vl3k7-d0607851a89d6fb0364cfaa81db32e52 .iconbox_icon{\nborder:1px solid #c60f0f;\ncolor:#c60f0f;\n}\n<\/style>\n<article  class='iconbox iconbox_top av-5vl3k7-d0607851a89d6fb0364cfaa81db32e52 av-no-box  avia-builder-el-10  avia-builder-el-no-sibling '  itemscope=\"itemscope\" itemtype=\"https:\/\/schema.org\/CreativeWork\" ><div class=\"iconbox_content\"><header class=\"entry-content-header\"><div class=\"iconbox_icon heading-color\" aria-hidden='true' data-av_icon='\ue855' data-av_iconfont='entypo-fontello'><\/div><h3 class='iconbox_content_title '  itemprop=\"headline\" >Instandhaltung<\/h3><\/header><div class='iconbox_content_container '  itemprop=\"text\" ><p>Wir warten Ihre Anlage regelm\u00e4\u00dfig und sichern Ihnen somit einen reibungslosen Ablauf<\/p>\n<\/div><\/div><footer class=\"entry-footer\"><\/footer><\/article><\/div>\n<style type=\"text\/css\" data-created_by=\"avia_inline_auto\" id=\"style-css-av-5nvgyn-f5b291d6d201e2cd4e5f39399e438a1f\">\n#top .hr.av-5nvgyn-f5b291d6d201e2cd4e5f39399e438a1f{\nmargin-top:50px;\nmargin-bottom:-30px;\n}\n.hr.av-5nvgyn-f5b291d6d201e2cd4e5f39399e438a1f .hr-inner{\nwidth:50px;\nmax-width:45%;\n}\n.hr.av-5nvgyn-f5b291d6d201e2cd4e5f39399e438a1f .av-seperator-icon{\ncolor:#c60f0f;\n}\n<\/style>\n<div  class='hr av-5nvgyn-f5b291d6d201e2cd4e5f39399e438a1f hr-custom  avia-builder-el-11  el_after_av_one_fourth  avia-builder-el-last  hr-center hr-icon-yes'><span class='hr-inner inner-border-av-border-thin'><span class=\"hr-inner-style\"><\/span><\/span><span class='av-seperator-icon' aria-hidden='true' data-av_icon='\ue83f' data-av_iconfont='entypo-fontello'><\/span><span class='hr-inner inner-border-av-border-thin'><span class=\"hr-inner-style\"><\/span><\/span><\/div>\n<\/p>\n<\/div><\/div><\/div><!-- close content main div --><\/div><\/div><div id='av-layout-grid-1'  class='av-layout-grid-container av-5l2jh3-0925cc1b869b295cf61a49c3754c2b6c entry-content-wrapper main_color av-flex-cells  avia-builder-el-12  el_after_av_section  avia-builder-el-last  grid-row-not-first  container_wrap sidebar_right'  >\n\n<style type=\"text\/css\" data-created_by=\"avia_inline_auto\" id=\"style-css-av-5fpnsv-52371051a6a466459478280e5dd12188\">\n.flex_cell.av-5fpnsv-52371051a6a466459478280e5dd12188{\nvertical-align:top;\n}\n.responsive #top #wrap_all .flex_cell.av-5fpnsv-52371051a6a466459478280e5dd12188{\npadding:30px 30px 30px 30px !important;\n}\n<\/style>\n<div class='flex_cell av-5fpnsv-52371051a6a466459478280e5dd12188 av-gridrow-cell av_one_fifth no_margin  avia-builder-el-13  el_before_av_cell_three_fifth  avia-builder-el-first ' ><div class='flex_cell_inner'><\/div><\/div>\n<style type=\"text\/css\" data-created_by=\"avia_inline_auto\" id=\"style-css-av-55vlnr-00684f2183e5128deef1c3aa5562adde\">\n.flex_cell.av-55vlnr-00684f2183e5128deef1c3aa5562adde{\nvertical-align:top;\n}\n.responsive #top #wrap_all .flex_cell.av-55vlnr-00684f2183e5128deef1c3aa5562adde{\npadding:30px 30px 30px 30px !important;\n}\n<\/style>\n<div class='flex_cell av-55vlnr-00684f2183e5128deef1c3aa5562adde av-gridrow-cell av_three_fifth no_margin  avia-builder-el-14  el_after_av_cell_one_fifth  el_before_av_cell_one_fifth ' ><div class='flex_cell_inner'><p>\n<style type=\"text\/css\" data-created_by=\"avia_inline_auto\" id=\"style-css-av-jwqxhvlq-d8d15289bd25128f1f23398b9cf589b0\">\n#top .av-special-heading.av-jwqxhvlq-d8d15289bd25128f1f23398b9cf589b0{\npadding-bottom:10px;\n}\nbody .av-special-heading.av-jwqxhvlq-d8d15289bd25128f1f23398b9cf589b0 .av-special-heading-tag .heading-char{\nfont-size:25px;\n}\n.av-special-heading.av-jwqxhvlq-d8d15289bd25128f1f23398b9cf589b0 .av-subheading{\nfont-size:15px;\n}\n<\/style>\n<div  class='av-special-heading av-jwqxhvlq-d8d15289bd25128f1f23398b9cf589b0 av-special-heading-h2 blockquote modern-quote modern-centered  avia-builder-el-15  el_before_av_textblock  avia-builder-el-first '><h2 class='av-special-heading-tag'  itemprop=\"headline\"  >Produkte<\/h2><div class='av-subheading av-subheading_below'><p>Die komplette Ausr\u00fcstung wurde bei mehreren Projekten getestet und im eigen Gebrauch genutzt.Genau dies ist Ihre Garantie, dass Sie f\u00fcr Ihr investiertes Geld das Beste Produkt erhalten.<\/p>\n<\/div><div class=\"special-heading-border\"><div class=\"special-heading-inner-border\"><\/div><\/div><\/div><br \/>\n\n<style type=\"text\/css\" data-created_by=\"avia_inline_auto\" id=\"style-css-av-4uf7zb-cab306c154b245d6c219ba671f4027e9\">\n#top .av_textblock_section.av-4uf7zb-cab306c154b245d6c219ba671f4027e9 .avia_textblock{\nfont-size:16px;\n}\n<\/style>\n<section  class='av_textblock_section av-4uf7zb-cab306c154b245d6c219ba671f4027e9'  itemscope=\"itemscope\" itemtype=\"https:\/\/schema.org\/CreativeWork\" ><div class='avia_textblock'  itemprop=\"text\" ><p><img loading=\"lazy\" decoding=\"async\" class=\"size-full wp-image-487 aligncenter\" src=\"http:\/\/alarmcentar.hr\/wp-content\/uploads\/2018\/05\/proizvodjaci1.png\" alt=\"\" width=\"659\" height=\"495\" srcset=\"https:\/\/alarmcentar.hr\/wp-content\/uploads\/2018\/05\/proizvodjaci1.png 659w, https:\/\/alarmcentar.hr\/wp-content\/uploads\/2018\/05\/proizvodjaci1-300x225.png 300w, https:\/\/alarmcentar.hr\/wp-content\/uploads\/2018\/05\/proizvodjaci1-450x338.png 450w\" sizes=\"auto, (max-width: 659px) 100vw, 659px\" \/><\/p>\n<\/div><\/section><\/p>\n<\/div><\/div>\n<style type=\"text\/css\" data-created_by=\"avia_inline_auto\" id=\"style-css-av-4rbm8f-9bdb0e049dc728ccdafd39c9f941be9e\">\n.flex_cell.av-4rbm8f-9bdb0e049dc728ccdafd39c9f941be9e{\nvertical-align:top;\n}\n.responsive #top #wrap_all .flex_cell.av-4rbm8f-9bdb0e049dc728ccdafd39c9f941be9e{\npadding:30px 30px 30px 30px !important;\n}\n<\/style>\n<div class='flex_cell av-4rbm8f-9bdb0e049dc728ccdafd39c9f941be9e av-gridrow-cell av_one_fifth no_margin  avia-builder-el-17  el_after_av_cell_three_fifth  avia-builder-el-last ' ><div class='flex_cell_inner'><\/div><\/div>\n<\/div>\n","protected":false},"excerpt":{"rendered":"","protected":false},"author":1,"featured_media":0,"parent":0,"menu_order":0,"comment_status":"open","ping_status":"open","template":"","meta":{"footnotes":""},"class_list":["post-922","page","type-page","status-publish","hentry"],"_links":{"self":[{"href":"https:\/\/alarmcentar.hr\/de\/wp-json\/wp\/v2\/pages\/922","targetHints":{"allow":["GET"]}}],"collection":[{"href":"https:\/\/alarmcentar.hr\/de\/wp-json\/wp\/v2\/pages"}],"about":[{"href":"https:\/\/alarmcentar.hr\/de\/wp-json\/wp\/v2\/types\/page"}],"author":[{"embeddable":true,"href":"https:\/\/alarmcentar.hr\/de\/wp-json\/wp\/v2\/users\/1"}],"replies":[{"embeddable":true,"href":"https:\/\/alarmcentar.hr\/de\/wp-json\/wp\/v2\/comments?post=922"}],"version-history":[{"count":3,"href":"https:\/\/alarmcentar.hr\/de\/wp-json\/wp\/v2\/pages\/922\/revisions"}],"predecessor-version":[{"id":983,"href":"https:\/\/alarmcentar.hr\/de\/wp-json\/wp\/v2\/pages\/922\/revisions\/983"}],"wp:attachment":[{"href":"https:\/\/alarmcentar.hr\/de\/wp-json\/wp\/v2\/media?parent=922"}],"curies":[{"name":"wp","href":"https:\/\/api.w.org\/{rel}","templated":true}]}}